{"id":4245,"date":"2025-08-08T13:17:56","date_gmt":"2025-08-08T10:17:56","guid":{"rendered":"https:\/\/belfort.qodeinteractive.com\/?page_id=4245"},"modified":"2025-08-08T14:39:17","modified_gmt":"2025-08-08T11:39:17","slug":"about-us","status":"publish","type":"page","link":"https:\/\/liberty-vista.com\/tr\/about-us\/","title":{"rendered":"Hakk\u0131m\u0131zda"},"content":{"rendered":"<div data-elementor-type=\"wp-page\" data-elementor-id=\"4245\" class=\"elementor elementor-4245\" data-elementor-post-type=\"page\">\n\t\t\t\t\t\t<section class=\"elementor-section elementor-top-section elementor-element elementor-element-7a540ad elementor-section-full_width elementor-section-height-default elementor-section-height-default\" data-id=\"7a540ad\" data-element_type=\"section\" data-e-type=\"section\">\n\t\t\t\t\t\t<div class=\"elementor-container elementor-column-gap-default\">\n\t\t\t\t\t<div class=\"elementor-column elementor-col-100 elementor-top-column elementor-element elementor-element-23d2b1e\" data-id=\"23d2b1e\" data-element_type=\"column\" data-e-type=\"column\">\n\t\t\t<div class=\"elementor-widget-wrap elementor-element-populated\">\n\t\t\t\t\t\t<div class=\"elementor-element elementor-element-9d5337a elementor-widget elementor-widget-video\" data-id=\"9d5337a\" data-element_type=\"widget\" data-e-type=\"widget\" data-settings=\"{&quot;video_type&quot;:&quot;hosted&quot;,&quot;autoplay&quot;:&quot;yes&quot;,&quot;play_on_mobile&quot;:&quot;yes&quot;,&quot;mute&quot;:&quot;yes&quot;,&quot;loop&quot;:&quot;yes&quot;}\" data-widget_type=\"video.default\">\n\t\t\t\t\t\t\t<div class=\"e-hosted-video elementor-wrapper elementor-open-inline\">\n\t\t\t\t\t<video class=\"elementor-video\" src=\"https:\/\/liberty-vista.com\/wp-content\/uploads\/2025\/08\/Dji-0063-0.00.12-0.01.07.mp4\" autoplay=\"\" loop=\"\" muted=\"muted\" playsinline=\"\" controlslist=\"nodownload\"><\/video>\n\t\t\t\t<\/div>\n\t\t\t\t\t\t<\/div>\n\t\t\t\t<section class=\"elementor-section elementor-inner-section elementor-element elementor-element-7869d5a qodef-elementor-content-grid elementor-section-boxed elementor-section-height-default elementor-section-height-default\" data-id=\"7869d5a\" data-element_type=\"section\" data-e-type=\"section\">\n\t\t\t\t\t\t<div class=\"elementor-container elementor-column-gap-default\">\n\t\t\t\t\t<div class=\"elementor-column elementor-col-100 elementor-inner-column elementor-element elementor-element-3128440\" data-id=\"3128440\" data-element_type=\"column\" data-e-type=\"column\">\n\t\t\t<div class=\"elementor-widget-wrap elementor-element-populated\">\n\t\t\t\t\t\t<div class=\"elementor-element elementor-element-ac1218c elementor-widget__width-initial elementor-widget elementor-widget-belfort_core_section_title\" data-id=\"ac1218c\" data-element_type=\"widget\" data-e-type=\"widget\" data-widget_type=\"belfort_core_section_title.default\">\n\t\t\t\t<div class=\"elementor-widget-container\">\n\t\t\t\t\t<div class=\"qodef-shortcode qodef-m qodef-section-title qodef-alignment--center\">\n    \t<p class=\"qodef-m-label\" >About us<\/p>\n\t\t<h2 class=\"qodef-m-title\" >\n\t\t\t\t\tWelcome to Liberty Vista Ltd. We <img decoding=\"async\" src=\"https:\/\/liberty-vista.com\/wp-content\/uploads\/2025\/08\/Itower-copy.jpg\" alt=\"\" \/> develop residential &amp; commercial projects with over 10 years <img decoding=\"async\" src=\"https:\/\/liberty-vista.com\/wp-content\/uploads\/2025\/08\/construction.jpg\" alt=\"\" \/> of experience.\t\t\t<\/h2>\n\t<\/div>\n\t\t\t\t<\/div>\n\t\t\t\t<\/div>\n\t\t\t\t\t<\/div>\n\t\t<\/div>\n\t\t\t\t\t<\/div>\n\t\t<\/section>\n\t\t\t\t<section class=\"elementor-section elementor-inner-section elementor-element elementor-element-ae1aaa6 qodef-elementor-content-grid elementor-section-boxed elementor-section-height-default elementor-section-height-default\" data-id=\"ae1aaa6\" data-element_type=\"section\" data-e-type=\"section\">\n\t\t\t\t\t\t<div class=\"elementor-container elementor-column-gap-default\">\n\t\t\t\t\t<div class=\"elementor-column elementor-col-100 elementor-inner-column elementor-element elementor-element-9f5d5ac\" data-id=\"9f5d5ac\" data-element_type=\"column\" data-e-type=\"column\">\n\t\t\t<div class=\"elementor-widget-wrap elementor-element-populated\">\n\t\t\t\t\t\t<div class=\"elementor-element elementor-element-77acbf4c elementor-widget elementor-widget-belfort_core_team_list\" data-id=\"77acbf4c\" data-element_type=\"widget\" data-e-type=\"widget\" data-widget_type=\"belfort_core_team_list.default\">\n\t\t\t\t<div class=\"elementor-widget-container\">\n\t\t\t\t\t<div class=\"qodef-shortcode qodef-m qodef-team-list qodef-item-layout--info-below qodef-grid qodef-layout--columns qodef-vertical-gutter--large qodef-col-num--3 qodef-item-layout--info-below qodef-pagination--off qodef-responsive--custom qodef-col-num--1440--3 qodef-col-num--1366--3 qodef-col-num--1024--3 qodef-col-num--768--3 qodef-col-num--680--1 qodef-col-num--480--1 qodef-swiper--show-pagination\" data-options=\"{&quot;plugin&quot;:&quot;belfort_core&quot;,&quot;module&quot;:&quot;post-types\\\/team\\\/shortcodes&quot;,&quot;shortcode&quot;:&quot;team-list&quot;,&quot;post_type&quot;:&quot;team&quot;,&quot;next_page&quot;:&quot;2&quot;,&quot;max_pages_num&quot;:2,&quot;behavior&quot;:&quot;columns&quot;,&quot;images_proportion&quot;:&quot;full&quot;,&quot;columns&quot;:&quot;3&quot;,&quot;columns_responsive&quot;:&quot;custom&quot;,&quot;columns_1440&quot;:&quot;3&quot;,&quot;columns_1366&quot;:&quot;3&quot;,&quot;columns_1024&quot;:&quot;3&quot;,&quot;columns_768&quot;:&quot;3&quot;,&quot;columns_680&quot;:&quot;1&quot;,&quot;columns_480&quot;:&quot;1&quot;,&quot;vertical_space&quot;:&quot;large&quot;,&quot;posts_per_page&quot;:&quot;3&quot;,&quot;orderby&quot;:&quot;date&quot;,&quot;order&quot;:&quot;DESC&quot;,&quot;layout&quot;:&quot;info-below&quot;,&quot;title_tag&quot;:&quot;h5&quot;,&quot;pagination_type&quot;:&quot;no-pagination&quot;,&quot;object_class_name&quot;:&quot;BelfortCore_Team_List_Shortcode&quot;,&quot;taxonomy_filter&quot;:&quot;team-category&quot;,&quot;additional_query_args&quot;:[],&quot;item_classes&quot;:&quot;qodef-e qodef-grid-item &quot;}\">\n\t\t<div class=\"qodef-grid-inner\">\n\t\t<div class=\"qodef-e qodef-grid-item  post-3935 team type-team status-publish has-post-thumbnail hentry team-category-liberty\">\n            <div class=\"qodef-e-inner\">\n            \t<div class=\"qodef-social-icon\">\n\t\t\t\t\t\t<a class=\"qodef-team-member-social-icon\" href=\"https:\/\/www.instagram.com\/mmajidilaw?igsh=bHRxODliZThrdXcz\" target=\"_blank\">\n\t\t\t\t\t<span class=\"qodef-icon-font-awesome fab fa-instagram\" ><\/span>\t\t\t\t<\/a>\n\t\t\t\t\t\t<\/div>\n            <div class=\"qodef-e-image\">\n                \t<div class=\"qodef-e-media-image\">\n\t\t\t\t\t<img fetchpriority=\"high\" decoding=\"async\" width=\"760\" height=\"980\" src=\"https:\/\/liberty-vista.com\/wp-content\/uploads\/2023\/01\/Majid-Majidi1.jpg\" class=\"attachment-full size-full wp-post-image\" alt=\"\" srcset=\"https:\/\/liberty-vista.com\/wp-content\/uploads\/2023\/01\/Majid-Majidi1.jpg 760w, https:\/\/liberty-vista.com\/wp-content\/uploads\/2023\/01\/Majid-Majidi1-233x300.jpg 233w\" sizes=\"(max-width: 760px) 100vw, 760px\" \/>\t\t\t<\/div>\n            <\/div>\n            <div class=\"qodef-e-content\" >\n                <h5 itemprop=\"name\" class=\"qodef-e-title entry-title\" >\n\t\t\tMajid Majidi\t<\/h5>\n                \t<p class=\"qodef-e-role\">Kurucu<\/p>\n                            <\/div>\n        <\/div>\n    <\/div>\n<div class=\"qodef-e qodef-grid-item  post-3934 team type-team status-publish has-post-thumbnail hentry team-category-liberty\">\n            <div class=\"qodef-e-inner\">\n            \t<div class=\"qodef-social-icon\">\n\t\t\t\t\t\t<a class=\"qodef-team-member-social-icon\" href=\"https:\/\/www.instagram.com\/babak_ashkriz?igsh=MTZ2emZtYzI1YmE5Mg==\" target=\"_blank\">\n\t\t\t\t\t<span class=\"qodef-icon-font-awesome fab fa-instagram\" ><\/span>\t\t\t\t<\/a>\n\t\t\t\t\t\t<\/div>\n            <div class=\"qodef-e-image\">\n                \t<div class=\"qodef-e-media-image\">\n\t\t\t\t\t<img decoding=\"async\" width=\"742\" height=\"957\" src=\"https:\/\/liberty-vista.com\/wp-content\/uploads\/2023\/01\/Babak-Ashkriz-1.jpg\" class=\"attachment-full size-full wp-post-image\" alt=\"\" srcset=\"https:\/\/liberty-vista.com\/wp-content\/uploads\/2023\/01\/Babak-Ashkriz-1.jpg 742w, https:\/\/liberty-vista.com\/wp-content\/uploads\/2023\/01\/Babak-Ashkriz-1-233x300.jpg 233w\" sizes=\"(max-width: 742px) 100vw, 742px\" \/>\t\t\t<\/div>\n            <\/div>\n            <div class=\"qodef-e-content\" >\n                <h5 itemprop=\"name\" class=\"qodef-e-title entry-title\" >\n\t\t\tBabak Ashkriz\t<\/h5>\n                \t<p class=\"qodef-e-role\">Sales Director<\/p>\n                            <\/div>\n        <\/div>\n    <\/div>\n<div class=\"qodef-e qodef-grid-item  post-3930 team type-team status-publish has-post-thumbnail hentry\">\n            <div class=\"qodef-e-inner\">\n            \t<div class=\"qodef-social-icon\">\n\t\t\t\t\t\t<a class=\"qodef-team-member-social-icon\" href=\"https:\/\/www.instagram.com\/libertyvista?igsh=azhzcmZ4OHk3ejZy\" target=\"_blank\">\n\t\t\t\t\t<span class=\"qodef-icon-font-awesome fab fa-instagram\" ><\/span>\t\t\t\t<\/a>\n\t\t\t\t\t\t<\/div>\n            <div class=\"qodef-e-image\">\n                \t<div class=\"qodef-e-media-image\">\n\t\t\t\t\t<img decoding=\"async\" width=\"760\" height=\"980\" src=\"https:\/\/liberty-vista.com\/wp-content\/uploads\/2023\/01\/home-6-team-2.jpg\" class=\"attachment-full size-full wp-post-image\" alt=\"w\" srcset=\"https:\/\/liberty-vista.com\/wp-content\/uploads\/2023\/01\/home-6-team-2.jpg 760w, https:\/\/liberty-vista.com\/wp-content\/uploads\/2023\/01\/home-6-team-2-233x300.jpg 233w\" sizes=\"(max-width: 760px) 100vw, 760px\" \/>\t\t\t<\/div>\n            <\/div>\n            <div class=\"qodef-e-content\" >\n                <h5 itemprop=\"name\" class=\"qodef-e-title entry-title\" >\n\t\t\tBahador Majidi\t<\/h5>\n                \t<p class=\"qodef-e-role\">CEO<\/p>\n                            <\/div>\n        <\/div>\n    <\/div>\n\t<\/div>\n\t<\/div>\n\t\t\t\t<\/div>\n\t\t\t\t<\/div>\n\t\t\t\t\t<\/div>\n\t\t<\/div>\n\t\t\t\t\t<\/div>\n\t\t<\/section>\n\t\t\t\t\t<\/div>\n\t\t<\/div>\n\t\t\t\t\t<\/div>\n\t\t<\/section>\n\t\t\t\t<section class=\"elementor-section elementor-top-section elementor-element elementor-element-58d7b5cc elementor-section-full_width elementor-section-height-default elementor-section-height-default\" data-id=\"58d7b5cc\" data-element_type=\"section\" data-e-type=\"section\" data-settings=\"{&quot;background_background&quot;:&quot;classic&quot;}\">\n\t\t\t\t\t\t<div class=\"elementor-container elementor-column-gap-default\">\n\t\t\t\t\t<div class=\"elementor-column elementor-col-100 elementor-top-column elementor-element elementor-element-4bc72c05\" data-id=\"4bc72c05\" data-element_type=\"column\" data-e-type=\"column\">\n\t\t\t<div class=\"elementor-widget-wrap elementor-element-populated\">\n\t\t\t\t\t\t<section class=\"elementor-section elementor-inner-section elementor-element elementor-element-2fb5ac14 qodef-elementor-content-grid elementor-section-boxed elementor-section-height-default elementor-section-height-default\" data-id=\"2fb5ac14\" data-element_type=\"section\" data-e-type=\"section\">\n\t\t\t\t\t\t<div class=\"elementor-container elementor-column-gap-default\">\n\t\t\t\t\t<div class=\"elementor-column elementor-col-100 elementor-inner-column elementor-element elementor-element-40d1a3ff\" data-id=\"40d1a3ff\" data-element_type=\"column\" data-e-type=\"column\">\n\t\t\t<div class=\"elementor-widget-wrap elementor-element-populated\">\n\t\t\t\t\t\t<div class=\"elementor-element elementor-element-4909dc84 elementor-widget__width-initial elementor-widget elementor-widget-belfort_core_section_title\" data-id=\"4909dc84\" data-element_type=\"widget\" data-e-type=\"widget\" data-widget_type=\"belfort_core_section_title.default\">\n\t\t\t\t<div class=\"elementor-widget-container\">\n\t\t\t\t\t<div class=\"qodef-shortcode qodef-m qodef-section-title qodef-alignment--center\">\n    \t<p class=\"qodef-m-label\" style=\"margin-bottom: 8px;color: #181D24\">SUNDUKLARIMIZ<\/p>\n\t\t<h2 class=\"qodef-m-title\" style=\"color: #CA9D75\">\n\t\t\t\t\tB\u0130Z\u0130MLE ORTAK OLUN\t\t\t<\/h2>\n\t\t<p class=\"qodef-m-text\" >\"Uzman bir ekip, geni\u015f deneyim ve yenilik\u00e7i bir bak\u0131\u015f a\u00e7\u0131s\u0131yla, kurulu\u015fumuz tasar\u0131m a\u015famas\u0131ndan nihai uygulamaya kadar kapsaml\u0131 in\u015faat hizmetleri\n sunmaya haz\u0131rd\u0131r. Faaliyet alanlar\u0131m\u0131z \u015funlar\u0131 kapsamaktad\u0131r:\"\n<\/p>\n<\/div>\n\t\t\t\t<\/div>\n\t\t\t\t<\/div>\n\t\t\t\t\t<\/div>\n\t\t<\/div>\n\t\t\t\t\t<\/div>\n\t\t<\/section>\n\t\t\t\t<section class=\"elementor-section elementor-inner-section elementor-element elementor-element-76cf14e0 qodef-elementor-content-grid elementor-section-boxed elementor-section-height-default elementor-section-height-default\" data-id=\"76cf14e0\" data-element_type=\"section\" data-e-type=\"section\">\n\t\t\t\t\t\t<div class=\"elementor-container elementor-column-gap-default\">\n\t\t\t\t\t<div class=\"elementor-column elementor-col-25 elementor-inner-column elementor-element elementor-element-6834f556\" data-id=\"6834f556\" data-element_type=\"column\" data-e-type=\"column\">\n\t\t\t<div class=\"elementor-widget-wrap elementor-element-populated\">\n\t\t\t\t\t\t<div class=\"elementor-element elementor-element-223371da elementor-widget elementor-widget-belfort_core_icon_with_text\" data-id=\"223371da\" data-element_type=\"widget\" data-e-type=\"widget\" data-widget_type=\"belfort_core_icon_with_text.default\">\n\t\t\t\t<div class=\"elementor-widget-container\">\n\t\t\t\t\t<div class=\"qodef-shortcode qodef-m qodef-icon-with-text qodef-layout--top qodef--custom-icon qodef-alignment--center\">\n\t<div class=\"qodef-m-icon-wrapper\">\n\t\t\t\t\t<img loading=\"lazy\" decoding=\"async\" width=\"90\" height=\"90\" src=\"https:\/\/liberty-vista.com\/wp-content\/uploads\/2025\/08\/design.png\" class=\"attachment-full size-full\" alt=\"\" \/>\t\t<\/div>\n\t\t\t<div class=\"qodef-m-content\">\n\t\t\t\t<h6 class=\"qodef-m-title\" style=\"color: #181D24\">\n\t\t\t\t\t<span class=\"qodef-m-title-text\">TASARIM &amp; UYGULAMA<\/span>\n\t\t\t<\/h6>\n\t\t\t\t<p class=\"qodef-m-text\" style=\"color: #66696C\">Mimari, yap\u0131sal, MEP (mekanik, elektrik ve s\u0131hhi tesisat) ve peyzaj tasar\u0131m hizmetleri sunuyoruz.<\/p>\n\t\t<\/div>\n\t<\/div>\n\t\t\t\t<\/div>\n\t\t\t\t<\/div>\n\t\t\t\t\t<\/div>\n\t\t<\/div>\n\t\t\t\t<div class=\"elementor-column elementor-col-25 elementor-inner-column elementor-element elementor-element-2ab947bf\" data-id=\"2ab947bf\" data-element_type=\"column\" data-e-type=\"column\">\n\t\t\t<div class=\"elementor-widget-wrap elementor-element-populated\">\n\t\t\t\t\t\t<div class=\"elementor-element elementor-element-1058f38a elementor-widget elementor-widget-belfort_core_icon_with_text\" data-id=\"1058f38a\" data-element_type=\"widget\" data-e-type=\"widget\" data-widget_type=\"belfort_core_icon_with_text.default\">\n\t\t\t\t<div class=\"elementor-widget-container\">\n\t\t\t\t\t<div class=\"qodef-shortcode qodef-m qodef-icon-with-text qodef-layout--top qodef--custom-icon qodef-alignment--center\">\n\t<div class=\"qodef-m-icon-wrapper\">\n\t\t\t\t\t<img loading=\"lazy\" decoding=\"async\" width=\"90\" height=\"90\" src=\"https:\/\/liberty-vista.com\/wp-content\/uploads\/2025\/08\/Construction-Partnership.png\" class=\"attachment-full size-full\" alt=\"\" \/>\t\t<\/div>\n\t\t\t<div class=\"qodef-m-content\">\n\t\t\t\t<h6 class=\"qodef-m-title\" style=\"color: #181D24\">\n\t\t\t\t\t<span class=\"qodef-m-title-text\">\u0130N\u015eAAT ORTAKLI\u011eI<\/span>\n\t\t\t<\/h6>\n\t\t\t\t<p class=\"qodef-m-text\" style=\"color: #66696C\">Arazi sahipleri veya yat\u0131r\u0131mc\u0131larla profesyonel ortakl\u0131klar \u015feklinde<\/p>\n\t\t<\/div>\n\t<\/div>\n\t\t\t\t<\/div>\n\t\t\t\t<\/div>\n\t\t\t\t\t<\/div>\n\t\t<\/div>\n\t\t\t\t<div class=\"elementor-column elementor-col-25 elementor-inner-column elementor-element elementor-element-64e52d74\" data-id=\"64e52d74\" data-element_type=\"column\" data-e-type=\"column\">\n\t\t\t<div class=\"elementor-widget-wrap elementor-element-populated\">\n\t\t\t\t\t\t<div class=\"elementor-element elementor-element-6b5205e4 elementor-widget elementor-widget-belfort_core_icon_with_text\" data-id=\"6b5205e4\" data-element_type=\"widget\" data-e-type=\"widget\" data-widget_type=\"belfort_core_icon_with_text.default\">\n\t\t\t\t<div class=\"elementor-widget-container\">\n\t\t\t\t\t<div class=\"qodef-shortcode qodef-m qodef-icon-with-text qodef-layout--top qodef--custom-icon qodef-alignment--center\">\n\t<div class=\"qodef-m-icon-wrapper\">\n\t\t\t\t\t<img loading=\"lazy\" decoding=\"async\" width=\"90\" height=\"90\" src=\"https:\/\/liberty-vista.com\/wp-content\/uploads\/2025\/08\/Construction-Management-1.png\" class=\"attachment-full size-full\" alt=\"\" \/>\t\t<\/div>\n\t\t\t<div class=\"qodef-m-content\">\n\t\t\t\t<h6 class=\"qodef-m-title\" style=\"color: #181D24\">\n\t\t\t\t\t<span class=\"qodef-m-title-text\">PROJE Y\u00d6NET\u0130M\u0130<\/span>\n\t\t\t<\/h6>\n\t\t\t\t<p class=\"qodef-m-text\" style=\"color: #66696C\">T\u00fcm y\u00fcr\u00fctme, teknik ve finansal g\u00f6revleri modern proje y\u00f6netimi y\u00f6ntemleriyle ger\u00e7ekle\u015ftiriyoruz.<\/p>\n\t\t<\/div>\n\t<\/div>\n\t\t\t\t<\/div>\n\t\t\t\t<\/div>\n\t\t\t\t\t<\/div>\n\t\t<\/div>\n\t\t\t\t<div class=\"elementor-column elementor-col-25 elementor-inner-column elementor-element elementor-element-22b0dbb2\" data-id=\"22b0dbb2\" data-element_type=\"column\" data-e-type=\"column\">\n\t\t\t<div class=\"elementor-widget-wrap elementor-element-populated\">\n\t\t\t\t\t\t<div class=\"elementor-element elementor-element-42369160 elementor-widget elementor-widget-belfort_core_icon_with_text\" data-id=\"42369160\" data-element_type=\"widget\" data-e-type=\"widget\" data-widget_type=\"belfort_core_icon_with_text.default\">\n\t\t\t\t<div class=\"elementor-widget-container\">\n\t\t\t\t\t<div class=\"qodef-shortcode qodef-m qodef-icon-with-text qodef-layout--top qodef--custom-icon qodef-alignment--center\">\n\t<div class=\"qodef-m-icon-wrapper\">\n\t\t\t\t\t<img loading=\"lazy\" decoding=\"async\" width=\"90\" height=\"90\" src=\"https:\/\/liberty-vista.com\/wp-content\/uploads\/2025\/08\/Construction-Partner.png\" class=\"attachment-full size-full\" alt=\"\" \/>\t\t<\/div>\n\t\t\t<div class=\"qodef-m-content\">\n\t\t\t\t<h6 class=\"qodef-m-title\" style=\"color: #181D24\">\n\t\t\t\t\t<span class=\"qodef-m-title-text\">TASARIM &amp; UYGULAMA ORTA\u011eI<\/span>\n\t\t\t<\/h6>\n\t\t\t\t<p class=\"qodef-m-text\" style=\"color: #66696C\">Planlama, izinlerin al\u0131nmas\u0131, kaynaklar\u0131n temini ve projenin uygulanmas\u0131nda destek sa\u011fl\u0131yoruz.<\/p>\n\t\t<\/div>\n\t<\/div>\n\t\t\t\t<\/div>\n\t\t\t\t<\/div>\n\t\t\t\t\t<\/div>\n\t\t<\/div>\n\t\t\t\t\t<\/div>\n\t\t<\/section>\n\t\t\t\t\t<\/div>\n\t\t<\/div>\n\t\t\t\t\t<\/div>\n\t\t<\/section>\n\t\t\t\t<section class=\"elementor-section elementor-top-section elementor-element elementor-element-2b3045f6 elementor-section-full_width qodef-elementor-content-grid elementor-section-height-default elementor-section-height-default\" data-id=\"2b3045f6\" data-element_type=\"section\" data-e-type=\"section\">\n\t\t\t\t\t\t<div class=\"elementor-container elementor-column-gap-no\">\n\t\t\t\t\t<div class=\"elementor-column elementor-col-100 elementor-top-column elementor-element elementor-element-77b5b7ec\" data-id=\"77b5b7ec\" data-element_type=\"column\" data-e-type=\"column\">\n\t\t\t<div class=\"elementor-widget-wrap elementor-element-populated\">\n\t\t\t\t\t\t<div class=\"elementor-element elementor-element-1b861dcc elementor-widget elementor-widget-belfort_core_section_title\" data-id=\"1b861dcc\" data-element_type=\"widget\" data-e-type=\"widget\" data-widget_type=\"belfort_core_section_title.default\">\n\t\t\t\t<div class=\"elementor-widget-container\">\n\t\t\t\t\t<div class=\"qodef-shortcode qodef-m qodef-section-title qodef-alignment--center\">\n    \t<p class=\"qodef-m-label\" style=\"margin-bottom: 10px\">contact us<\/p>\n\t\t<h2 class=\"qodef-m-title\" >\n\t\t\t\t\tB\u0130Z\u0130MLE \u0130LET\u0130\u015e\u0130MDE OLUN\t\t\t<\/h2>\n\t<\/div>\n\t\t\t\t<\/div>\n\t\t\t\t<\/div>\n\t\t\t\t<div class=\"elementor-element elementor-element-358fbcde elementor-widget__width-initial elementor-widget elementor-widget-wp-widget-belfort_core_contact_form_7\" data-id=\"358fbcde\" data-element_type=\"widget\" data-e-type=\"widget\" data-widget_type=\"wp-widget-belfort_core_contact_form_7.default\">\n\t\t\t\t<div class=\"elementor-widget-container\">\n\t\t\t\t\t\t\t\t<div class=\"qodef-contact-form-7\">\n\t\t\t\t\n<div class=\"wpcf7 no-js\" id=\"wpcf7-f654-o1\" lang=\"en-US\" dir=\"ltr\" data-wpcf7-id=\"654\">\n<div class=\"screen-reader-response\"><p role=\"status\" aria-live=\"polite\" aria-atomic=\"true\"><\/p> <ul><\/ul><\/div>\n<form action=\"\/tr\/wp-json\/wp\/v2\/pages\/4245#wpcf7-f654-o1\" method=\"post\" class=\"wpcf7-form init demo\" aria-label=\"Contact form\" novalidate=\"novalidate\" data-status=\"init\" data-trp-original-action=\"\/tr\/wp-json\/wp\/v2\/pages\/4245#wpcf7-f654-o1\">\n<fieldset class=\"hidden-fields-container\"><input type=\"hidden\" name=\"_wpcf7\" value=\"654\" \/><input type=\"hidden\" name=\"_wpcf7_version\" value=\"6.1.5\" \/><input type=\"hidden\" name=\"_wpcf7_locale\" value=\"en_US\" \/><input type=\"hidden\" name=\"_wpcf7_unit_tag\" value=\"wpcf7-f654-o1\" \/><input type=\"hidden\" name=\"_wpcf7_container_post\" value=\"0\" \/><input type=\"hidden\" name=\"_wpcf7_posted_data_hash\" value=\"\" \/>\n<\/fieldset>\n<div class=\"qodef-main-contact\"><label><span class=\"wpcf7-form-control-wrap\" data-name=\"your-name\"><input size=\"40\" maxlength=\"400\" class=\"wpcf7-form-control wpcf7-text wpcf7-validates-as-required\" aria-required=\"true\" aria-invalid=\"false\" placeholder=\"Full name\" value=\"\" type=\"text\" name=\"your-name\" \/><\/span> <\/label><label><span class=\"wpcf7-form-control-wrap\" data-name=\"your-email\"><input size=\"40\" maxlength=\"400\" class=\"wpcf7-form-control wpcf7-email wpcf7-validates-as-required wpcf7-text wpcf7-validates-as-email\" aria-required=\"true\" aria-invalid=\"false\" placeholder=\"Email address\" value=\"\" type=\"email\" name=\"your-email\" \/><\/span> <\/label><label><span class=\"wpcf7-form-control-wrap\" data-name=\"your-phone\"><input size=\"40\" maxlength=\"400\" class=\"wpcf7-form-control wpcf7-text wpcf7-validates-as-required\" aria-required=\"true\" aria-invalid=\"false\" placeholder=\"Phone number\" value=\"\" type=\"text\" name=\"your-phone\" \/><\/span><\/label><span class=\"qodef-label\"><span class=\"qodef-checkbox-holder\"><span class=\"wpcf7-form-control-wrap\" data-name=\"your-consent\"><span class=\"wpcf7-form-control wpcf7-acceptance\"><span class=\"wpcf7-list-item\"><label><input type=\"checkbox\" name=\"your-consent\" value=\"1\" aria-invalid=\"false\" \/><span class=\"wpcf7-list-item-label\">I have read and I understand<\/span><\/label><\/span><\/span><\/span> <a href=\"#\">data privacy notice<\/a><\/span><\/span>\n\n<div class=\"qodef-button-holder\"><button class=\"wpcf7-form-control wpcf7-submit qodef-button qodef-size--normal qodef-layout--filled qodef-m\" type=\"submit\"><span class=\"qodef-m-text\">TALEP\u0130 G\u00d6NDER<\/span><\/button><\/div><\/div><div class=\"wpcf7-response-output\" aria-hidden=\"true\"><\/div>\n<input type=\"hidden\" name=\"trp-form-language\" value=\"tr\"\/><\/form>\n<\/div>\n\t\t\t<\/div>\n\t\t\t\t\t\t\t<\/div>\n\t\t\t\t<\/div>\n\t\t\t\t\t<\/div>\n\t\t<\/div>\n\t\t\t\t\t<\/div>\n\t\t<\/section>\n\t\t\t\t<\/div>","protected":false},"excerpt":{"rendered":"<p>https:\/\/liberty-vista.com\/wp-content\/uploads\/2025\/08\/Dji-0063-0.00.12-0.01.07.mp4 About us Welcome to Liberty Vista Ltd. We develop residential &amp; commercial projects with over 10 years of experience. Majid Majidi Founder Babak Ashkriz Sales Director Bahador Majidi CEO Our services partner with us With a specialized team, extensive experience, and an innovative outlook, our organization is prepared to provide comprehensive construction services from [&hellip;]<\/p>\n","protected":false},"author":1,"featured_media":0,"parent":0,"menu_order":0,"comment_status":"closed","ping_status":"closed","template":"page-full-width.php","meta":{"footnotes":""},"class_list":["post-4245","page","type-page","status-publish","hentry"],"_links":{"self":[{"href":"https:\/\/liberty-vista.com\/tr\/wp-json\/wp\/v2\/pages\/4245","targetHints":{"allow":["GET"]}}],"collection":[{"href":"https:\/\/liberty-vista.com\/tr\/wp-json\/wp\/v2\/pages"}],"about":[{"href":"https:\/\/liberty-vista.com\/tr\/wp-json\/wp\/v2\/types\/page"}],"author":[{"embeddable":true,"href":"https:\/\/liberty-vista.com\/tr\/wp-json\/wp\/v2\/users\/1"}],"replies":[{"embeddable":true,"href":"https:\/\/liberty-vista.com\/tr\/wp-json\/wp\/v2\/comments?post=4245"}],"version-history":[{"count":3,"href":"https:\/\/liberty-vista.com\/tr\/wp-json\/wp\/v2\/pages\/4245\/revisions"}],"predecessor-version":[{"id":7854,"href":"https:\/\/liberty-vista.com\/tr\/wp-json\/wp\/v2\/pages\/4245\/revisions\/7854"}],"wp:attachment":[{"href":"https:\/\/liberty-vista.com\/tr\/wp-json\/wp\/v2\/media?parent=4245"}],"curies":[{"name":"wp","href":"https:\/\/api.w.org\/{rel}","templated":true}]}}