{"id":4627,"date":"2025-08-08T13:36:58","date_gmt":"2025-08-08T10:36:58","guid":{"rendered":"https:\/\/belfort.qodeinteractive.com\/?page_id=4627"},"modified":"2025-08-08T13:39:43","modified_gmt":"2025-08-08T10:39:43","slug":"register-interest","status":"publish","type":"page","link":"https:\/\/liberty-vista.com\/tr\/register-interest\/","title":{"rendered":"Register Interest"},"content":{"rendered":"<div data-elementor-type=\"wp-page\" data-elementor-id=\"4627\" class=\"elementor elementor-4627\" data-elementor-post-type=\"page\">\n\t\t\t\t\t\t<section class=\"elementor-section elementor-top-section elementor-element elementor-element-a860b79 elementor-section-full_width elementor-section-height-default elementor-section-height-default\" data-id=\"a860b79\" data-element_type=\"section\" data-e-type=\"section\">\n\t\t\t\t\t\t<div class=\"elementor-container elementor-column-gap-no\">\n\t\t\t\t\t<div class=\"elementor-column elementor-col-100 elementor-top-column elementor-element elementor-element-aa069e0\" data-id=\"aa069e0\" data-element_type=\"column\" data-e-type=\"column\">\n\t\t\t<div class=\"elementor-widget-wrap elementor-element-populated\">\n\t\t\t\t\t\t<div class=\"elementor-element elementor-element-6e84148 elementor-widget elementor-widget-belfort_core_image_with_badge\" data-id=\"6e84148\" data-element_type=\"widget\" data-e-type=\"widget\" data-widget_type=\"belfort_core_image_with_badge.default\">\n\t\t\t\t<div class=\"elementor-widget-container\">\n\t\t\t\t\t<div class=\"qodef-shortcode qodef-m qodef-image-with-badge qodef-layout--text-below qodef-alignment--left qodef-show-image-border--no\">\n    <div class=\"qodef-m-image-inner-holder\">\n        <div class=\"qodef-m-image\" >\n\t\t\t<img fetchpriority=\"high\" decoding=\"async\" width=\"1920\" height=\"597\" src=\"https:\/\/liberty-vista.com\/wp-content\/uploads\/2025\/08\/Sales-Office.jpg\" class=\"attachment-full size-full\" alt=\"\" srcset=\"https:\/\/liberty-vista.com\/wp-content\/uploads\/2025\/08\/Sales-Office.jpg 1920w, https:\/\/liberty-vista.com\/wp-content\/uploads\/2025\/08\/Sales-Office-300x93.jpg 300w, https:\/\/liberty-vista.com\/wp-content\/uploads\/2025\/08\/Sales-Office-1024x318.jpg 1024w, https:\/\/liberty-vista.com\/wp-content\/uploads\/2025\/08\/Sales-Office-768x239.jpg 768w, https:\/\/liberty-vista.com\/wp-content\/uploads\/2025\/08\/Sales-Office-1536x478.jpg 1536w\" sizes=\"(max-width: 1920px) 100vw, 1920px\" \/>    <\/div>\n            <\/div>\n\t<div class=\"qodef-m-badge-content\">\n        <div class=\"qodef-m-badge\">\n    <img decoding=\"async\" width=\"80\" height=\"96\" src=\"https:\/\/liberty-vista.com\/wp-content\/uploads\/2025\/08\/Logo-color-1.png\" class=\"attachment-full size-full\" alt=\"\" \/><\/div>\n        <div class=\"qodef-badge-info\">\n            \t<span class=\"qodef-m-title\" >\n\t\t\t\t\tB\u0130Z\u0130MLE \u0130LET\u0130\u015e\u0130ME GE\u00c7\u0130N\t\t\t<\/span>\n            \t<p class=\"qodef-m-text\" >\n                <a itemprop=\"url\" href=\"tel:+110223456\" target=\"_self\">\n                        +90 551 400 6000                    <\/a>\n        <\/p>\n        <\/div>\n\t<\/div>\n<\/div>\n\t\t\t\t<\/div>\n\t\t\t\t<\/div>\n\t\t\t\t\t<\/div>\n\t\t<\/div>\n\t\t\t\t\t<\/div>\n\t\t<\/section>\n\t\t\t\t<section class=\"elementor-section elementor-top-section elementor-element elementor-element-5435db61 elementor-section-full_width qodef-elementor-content-grid elementor-section-height-default elementor-section-height-default\" data-id=\"5435db61\" data-element_type=\"section\" data-e-type=\"section\">\n\t\t\t\t\t\t<div class=\"elementor-container elementor-column-gap-no\">\n\t\t\t\t\t<div class=\"elementor-column elementor-col-100 elementor-top-column elementor-element elementor-element-44ed6832\" data-id=\"44ed6832\" data-element_type=\"column\" data-e-type=\"column\">\n\t\t\t<div class=\"elementor-widget-wrap elementor-element-populated\">\n\t\t\t\t\t\t<div class=\"elementor-element elementor-element-2baf9387 elementor-widget__width-initial elementor-widget-tablet__width-initial elementor-widget elementor-widget-belfort_core_section_title\" data-id=\"2baf9387\" data-element_type=\"widget\" data-e-type=\"widget\" data-widget_type=\"belfort_core_section_title.default\">\n\t\t\t\t<div class=\"elementor-widget-container\">\n\t\t\t\t\t<div class=\"qodef-shortcode qodef-m qodef-section-title qodef-alignment--center\">\n    \t<p class=\"qodef-m-label\" style=\"margin-bottom: 10px\">Make an appointment<\/p>\n\t\t<h2 class=\"qodef-m-title\" style=\"color: #CA9D75\">\n\t\t\t\t\tRequest a Visit\t\t\t<\/h2>\n\t<\/div>\n\t\t\t\t<\/div>\n\t\t\t\t<\/div>\n\t\t\t\t<div class=\"elementor-element elementor-element-6bc2787c elementor-widget__width-initial elementor-widget-tablet__width-initial elementor-widget elementor-widget-wp-widget-belfort_core_contact_form_7\" data-id=\"6bc2787c\" data-element_type=\"widget\" data-e-type=\"widget\" data-widget_type=\"wp-widget-belfort_core_contact_form_7.default\">\n\t\t\t\t<div class=\"elementor-widget-container\">\n\t\t\t\t\t\t\t\t<div class=\"qodef-contact-form-7\">\n\t\t\t\t\n<div class=\"wpcf7 no-js\" id=\"wpcf7-f1149-o1\" lang=\"en-US\" dir=\"ltr\" data-wpcf7-id=\"1149\">\n<div class=\"screen-reader-response\"><p role=\"status\" aria-live=\"polite\" aria-atomic=\"true\"><\/p> <ul><\/ul><\/div>\n<form action=\"\/tr\/wp-json\/wp\/v2\/pages\/4627#wpcf7-f1149-o1\" method=\"post\" class=\"wpcf7-form init demo\" aria-label=\"Contact form\" novalidate=\"novalidate\" data-status=\"init\" data-trp-original-action=\"\/tr\/wp-json\/wp\/v2\/pages\/4627#wpcf7-f1149-o1\">\n<fieldset class=\"hidden-fields-container\"><input type=\"hidden\" name=\"_wpcf7\" value=\"1149\" \/><input type=\"hidden\" name=\"_wpcf7_version\" value=\"6.1.5\" \/><input type=\"hidden\" name=\"_wpcf7_locale\" value=\"en_US\" \/><input type=\"hidden\" name=\"_wpcf7_unit_tag\" value=\"wpcf7-f1149-o1\" \/><input type=\"hidden\" name=\"_wpcf7_container_post\" value=\"0\" \/><input type=\"hidden\" name=\"_wpcf7_posted_data_hash\" value=\"\" \/>\n<\/fieldset>\n<div class=\"qodef-request-form qodef-main-contact\">\n\n<div class=\"two_columns_50_50\"><label><span class=\"wpcf7-form-control-wrap\" data-name=\"full-name\"><input size=\"40\" maxlength=\"400\" class=\"wpcf7-form-control wpcf7-text wpcf7-validates-as-required\" aria-required=\"true\" aria-invalid=\"false\" placeholder=\"Ad Soyad\" value=\"\" type=\"text\" name=\"full-name\" \/><\/span><\/label><label><span class=\"wpcf7-form-control-wrap\" data-name=\"your-email\"><input size=\"40\" maxlength=\"400\" class=\"wpcf7-form-control wpcf7-email wpcf7-validates-as-required wpcf7-text wpcf7-validates-as-email\" aria-required=\"true\" aria-invalid=\"false\" placeholder=\"Email address\" value=\"\" type=\"email\" name=\"your-email\" \/><\/span><\/label><\/div>\n\n<div class=\"two_columns_50_50\">\n\n  <label><span class=\"wpcf7-form-control-wrap\" data-name=\"date-270\"><input class=\"wpcf7-form-control wpcf7-date wpcf7-validates-as-date\" aria-invalid=\"false\" value=\"2026-04-19\" type=\"date\" name=\"date-270\" \/><\/span><\/label>\n\n  <label><span class=\"wpcf7-form-control-wrap\" data-name=\"menu-429\"><select class=\"wpcf7-form-control wpcf7-select\" aria-invalid=\"false\" name=\"menu-429\"><option value=\"11:00 AM\">11:00 AM<\/option><option value=\"13:00 AM\">13:00 AM<\/option><option value=\"15:00 AM\">15:00 AM<\/option><\/select><\/span><\/label>\n\n<\/div>\n\n<span class=\"wpcf7-form-control-wrap\" data-name=\"your-message\"><textarea cols=\"40\" rows=\"4\" maxlength=\"2000\" class=\"wpcf7-form-control wpcf7-textarea\" aria-invalid=\"false\" placeholder=\"Your message\" name=\"your-message\"><\/textarea><\/span>\n\n<button class=\"wpcf7-form-control wpcf7-submit qodef-button qodef-size--normal qodef-layout--filled qodef-m\" type=\"submit\"><span class=\"qodef-m-text\">TALEP\u0130 G\u00d6NDER<\/span><\/button>\n\n<\/div><div class=\"wpcf7-response-output\" aria-hidden=\"true\"><\/div>\n<input type=\"hidden\" name=\"trp-form-language\" value=\"tr\"\/><\/form>\n<\/div>\n\t\t\t<\/div>\n\t\t\t\t\t\t\t<\/div>\n\t\t\t\t<\/div>\n\t\t\t\t\t<\/div>\n\t\t<\/div>\n\t\t\t\t\t<\/div>\n\t\t<\/section>\n\t\t\t\t<section class=\"elementor-section elementor-top-section elementor-element elementor-element-6a1629cc qodef-elementor-content-grid elementor-section-boxed elementor-section-height-default elementor-section-height-default\" data-id=\"6a1629cc\" data-element_type=\"section\" data-e-type=\"section\">\n\t\t\t\t\t\t<div class=\"elementor-container elementor-column-gap-default\">\n\t\t\t\t\t<div class=\"elementor-column elementor-col-100 elementor-top-column elementor-element elementor-element-683e508\" data-id=\"683e508\" data-element_type=\"column\" data-e-type=\"column\">\n\t\t\t<div class=\"elementor-widget-wrap\">\n\t\t\t\t\t\t\t<\/div>\n\t\t<\/div>\n\t\t\t\t\t<\/div>\n\t\t<\/section>\n\t\t\t\t<\/div>","protected":false},"excerpt":{"rendered":"<p>Contact Us +90 551 400 6000 Make an appointment Request a Visit<\/p>","protected":false},"author":1,"featured_media":0,"parent":0,"menu_order":0,"comment_status":"closed","ping_status":"closed","template":"page-full-width.php","meta":{"footnotes":""},"class_list":["post-4627","page","type-page","status-publish","hentry"],"_links":{"self":[{"href":"https:\/\/liberty-vista.com\/tr\/wp-json\/wp\/v2\/pages\/4627","targetHints":{"allow":["GET"]}}],"collection":[{"href":"https:\/\/liberty-vista.com\/tr\/wp-json\/wp\/v2\/pages"}],"about":[{"href":"https:\/\/liberty-vista.com\/tr\/wp-json\/wp\/v2\/types\/page"}],"author":[{"embeddable":true,"href":"https:\/\/liberty-vista.com\/tr\/wp-json\/wp\/v2\/users\/1"}],"replies":[{"embeddable":true,"href":"https:\/\/liberty-vista.com\/tr\/wp-json\/wp\/v2\/comments?post=4627"}],"version-history":[{"count":3,"href":"https:\/\/liberty-vista.com\/tr\/wp-json\/wp\/v2\/pages\/4627\/revisions"}],"predecessor-version":[{"id":7859,"href":"https:\/\/liberty-vista.com\/tr\/wp-json\/wp\/v2\/pages\/4627\/revisions\/7859"}],"wp:attachment":[{"href":"https:\/\/liberty-vista.com\/tr\/wp-json\/wp\/v2\/media?parent=4627"}],"curies":[{"name":"wp","href":"https:\/\/api.w.org\/{rel}","templated":true}]}}